{"id":95766,"date":"2024-10-17T13:02:05","date_gmt":"2024-10-17T11:02:05","guid":{"rendered":"https:\/\/kauppa.kloffa.fi\/?post_type=product&#038;p=95766"},"modified":"2026-03-26T12:58:52","modified_gmt":"2026-03-26T10:58:52","slug":"tlk-hihaton-iso-logo","status":"publish","type":"product","link":"https:\/\/kauppa.kloffa.fi\/sv\/produkt\/tlk-hihaton-iso-logo\/","title":{"rendered":"TLK Hihaton &#8211; Iso logo"},"content":{"rendered":"","protected":false},"excerpt":{"rendered":"<p>Fair Trade -luomupuuvillasta valmistettu ekologinen hihaton paita, koristeltuna TLK:n\u00a0 logopainatuksella. T-paidan hihat ja reunat on viimeistelty tuplatikkauksella. Tuotteen v\u00e4rin lis\u00e4ksi voi valita my\u00f6s logon v\u00e4rin.<\/p>\n<p>&nbsp;<\/p>\n<p>&nbsp;<\/p>\n<ul>\n<li>Mitoitus: Slightly Fitted<\/li>\n<li>Py\u00f6re\u00e4 kaula-aukko<\/li>\n<li>Materiaali: 100% Fair Trade -luomupuuvilla<\/li>\n<li>Alkuper\u00e4maa: Intia<\/li>\n<li>Kangaspaino: 155 g\/m2<\/li>\n<li>Sertifikaatit: Fair Trade, Oeko-Tex 100 ja EU Ecolabel<\/li>\n<li>Tuotemitat l\u00f6ytyv\u00e4t gallerian viimeisest\u00e4 kuvasta<\/li>\n<\/ul>\n<p>&nbsp;<\/p>\n<p>&nbsp;<\/p>\n<p><a href=\"https:\/\/kauppa.kloffa.fi\/sv\/tampereen-laaketieteen-kandidaattiseura\/\"><strong>TILLBAKA TILL HEMMSIDAN<\/strong><\/a><\/p>","protected":false},"featured_media":95889,"template":"","meta":[],"product_brand":[],"product_cat":[395,398],"product_tag":[],"class_list":{"0":"post-95766","1":"product","2":"type-product","3":"status-publish","4":"has-post-thumbnail","6":"product_cat-tlk","7":"product_cat-tlk-muut","8":"product_shipping_class-toimitus-9-90","9":"description-off","11":"first","12":"instock","13":"taxable","14":"shipping-taxable","15":"purchasable","16":"product-type-variable"},"_links":{"self":[{"href":"https:\/\/kauppa.kloffa.fi\/sv\/wp-json\/wp\/v2\/product\/95766","targetHints":{"allow":["GET"]}}],"collection":[{"href":"https:\/\/kauppa.kloffa.fi\/sv\/wp-json\/wp\/v2\/product"}],"about":[{"href":"https:\/\/kauppa.kloffa.fi\/sv\/wp-json\/wp\/v2\/types\/product"}],"wp:featuredmedia":[{"embeddable":true,"href":"https:\/\/kauppa.kloffa.fi\/sv\/wp-json\/wp\/v2\/media\/95889"}],"wp:attachment":[{"href":"https:\/\/kauppa.kloffa.fi\/sv\/wp-json\/wp\/v2\/media?parent=95766"}],"wp:term":[{"taxonomy":"product_brand","embeddable":true,"href":"https:\/\/kauppa.kloffa.fi\/sv\/wp-json\/wp\/v2\/product_brand?post=95766"},{"taxonomy":"product_cat","embeddable":true,"href":"https:\/\/kauppa.kloffa.fi\/sv\/wp-json\/wp\/v2\/product_cat?post=95766"},{"taxonomy":"product_tag","embeddable":true,"href":"https:\/\/kauppa.kloffa.fi\/sv\/wp-json\/wp\/v2\/product_tag?post=95766"}],"curies":[{"name":"wp","href":"https:\/\/api.w.org\/{rel}","templated":true}]}}